{"id":851,"date":"2024-02-22T12:10:38","date_gmt":"2024-02-22T12:10:38","guid":{"rendered":"https:\/\/bgtas2.vlanderon.com\/?page_id=851"},"modified":"2024-05-11T23:21:48","modified_gmt":"2024-05-11T23:21:48","slug":"contact","status":"publish","type":"page","link":"https:\/\/bgtas.com\/en\/contact\/","title":{"rendered":"Contact"},"content":{"rendered":"<div class=\"brz-root__container brz-reset-all\">\n<section id=\"ioXRQnqkm1Hx\" class=\"brz-section brz-css-qk_Q0\">\n<div class=\"brz-section__content brz-section--boxed brz-css-yYWMr brz-css-l2z96\" data-brz-custom-id=\"crdHbvWBhyeG\">\n<div class=\"brz-bg\">\n<div class=\"brz-bg-image\"><\/div>\n<div class=\"brz-bg-color\"><\/div>\n<\/div>\n<div class=\"brz-container brz-css-sGdTe\">\n<div class=\"brz-row__container brz-css-qH9Vi\" data-brz-custom-id=\"qekWcKxJHsyf\">\n<div class=\"brz-bg\"><\/div>\n<div class=\"brz-row brz-css-nK80c brz-css-bJ9Fs\">\n<div class=\"brz-columns brz-css-zIsVs brz-css-eWXBp\" data-brz-custom-id=\"bxQPYkFnfGFV\">\n<div class=\"brz-bg\"><\/div>\n<div class=\"brz-column__items brz-css-aNZRt brz-css-mU8G4\">\n<div id class=\"brz-css-bwXW0 brz-css-ifStH brz-wrapper\">\n<div class=\"brz-rich-text brz-rich-text__custom brz-css-deuDb\" data-brz-custom-id=\"xOrQJNBcEZg2\">\n<div data-brz-translate-text=\"1\">\n<p class=\"brz-fs-sm-50 brz-fw-sm-900 brz-mt-lg-10 brz-ls-lg-0 brz-fs-lg-53 brz-fw-lg-900 brz-ff-montserrat brz-lh-lg-1_3 brz-mb-lg-20 brz-fw-xs-900 brz-fs-xs-38 brz-css-mrH8P\" data-generated-css=\"brz-css-bAo1f\" data-uniq-id=\"eaCsB\"><span>Contact<\/span><\/p>\n<\/div>\n<\/div>\n<\/div>\n<div class=\"brz-row__container brz-css-qH9Vi\" data-brz-custom-id=\"tpz1j4i6o5OY\">\n<div class=\"brz-bg\"><\/div>\n<div class=\"brz-row brz-row--inner brz-css-nK80c brz-css-wtxSN\">\n<div class=\"brz-columns brz-css-zIsVs brz-css-x_7_N\" data-brz-custom-id=\"edetJWRCqp0Q\">\n<div class=\"brz-bg\"><\/div>\n<div class=\"brz-column__items brz-css-aNZRt brz-css-xed0U\">\n<div id class=\"brz-css-bwXW0 brz-wrapper\">\n<div class=\"brz-icon-text brz-css-gJfro brz-css-bncUT\" data-brz-custom-id=\"sgP1s2LvsHb_\">\n<div class=\"brz-icon__container\" data-brz-custom-id=\"wlBEg3S2UZXw\"><a class=\"brz-a\" href=\"#myMrhV1d8lGW\" target=\"_self\" rel=\"noopener\" data-brz-link-type=\"popup\"><span class=\"brz-icon brz-span brz-css-hb9Op brz-css-pD8Sh\"><\/span><\/a><\/div>\n<div class=\"brz brz-popup2 brz-popup2__preview brz-popup2__auto brz-popup2--fixed brz-simple-popup brz-css-f_mpZ brz-css-nlAB6\" id=\"vYcFdVwz0Rqy\" data-brz-popup=\"myMrhV1d8lGW\" data-brz-click_outside_to_close=\"true\" data-brz-custom-id=\"lqdYoIxoatb3\">\n<div class=\"brz-bg\">\n<div class=\"brz-bg-color\"><\/div>\n<\/div>\n<div class=\"brz-popup2__inner brz-d-xs-flex brz-flex-xs-wrap brz-css-ve3MH brz-css-fwRFJ\">\n<div class=\"brz-container__wrap\">\n<div class=\"brz-popup2__close\" data-brz-custom-id=\"lqdYoIxoatb3--close\"><\/div>\n<div class=\"brz-container\">\n<div data-brz-iteration-count=\"Infinity\" class=\"brz-row__container brz-css-qH9Vi brz-css-tGcMs brz-animated brz-css-uZgDd brz-css-dxM0e\" data-brz-custom-id=\"bAEvIRK3XnSJ\">\n<div class=\"brz-row brz-css-nK80c brz-css-noJNh\">\n<div class=\"brz-columns brz-css-zIsVs brz-css-ts8HY\" data-brz-custom-id=\"jJDXkh0eM5IQ\">\n<div class=\"brz-bg\"><\/div>\n<div class=\"brz-column__items brz-css-aNZRt\">\n<div id class=\"brz-css-bwXW0 brz-wrapper\">\n<div class=\"brz-video brz-vimeo-video brz-video-on-controls-hidden brz-css-dsNiO brz-css-hwwcL\" data-brz-custom-id=\"lyXsYJjt7NPe\">\n<div class=\"brz-video-content\" data-loop=\"false\" data-muted=\"false\" data-autoplay=\"off\">\n<div class=\"video-wrapper brz-image-fix-16-9 brz-css-oahOC\">\n<div class=\"brz-video-data brz-hidden\" data-src=\"https:\/\/player.vimeo.com\/video\/916272565?autoplay=0&amp;background=0&amp;title=1&amp;byline=1&amp;badge=false&amp;autopause=false&amp;portrait=1&amp;controls=1&amp;loop=0&amp;muted=0#t=0s\" data-population data-controls=\"true\" data-branding=\"true\" data-intro=\"true\" data-start=\"0\" data-end=\"0\" data-loop=\"false\" data-autoplay=\"off\"><\/div>\n<\/div>\n<\/div>\n<\/div>\n<\/div>\n<div id class=\"brz-css-bwXW0 brz-css-iMiQ7 brz-wrapper\">\n<div class=\"brz-rich-text brz-rich-text__custom brz-css-deuDb\" data-brz-custom-id=\"wWtuaGfN15oW\">\n<div data-brz-translate-text=\"1\">\n<p class=\"brz-mb-xs-0 brz-mt-xs-0 brz-mt-lg-10 brz-tp-lg-paragraph brz-text-lg-center brz-mb-lg-5 brz-css-tf_JG\" data-uniq-id=\"qLhvW\" data-generated-css=\"brz-css-le6K9\"><span class=\"brz-cp-color8\">BG TAS MINING<\/span><\/p>\n<\/div>\n<\/div>\n<\/div>\n<div class=\"brz-wrapper-clone brz-css-mEesH\">\n<div class=\"brz-d-xs-flex brz-flex-xs-wrap brz-css-gxuVi\" data-brz-custom-id>\n<div class=\"brz-wrapper-clone__item\" id=\"gZ9AtxelVeJH\"><a class=\"brz-a brz-btn brz-css-wAKN6 brz-css-etnQN\" href target=\"_self\" rel=\"noopener\" data-brz-link-type=\"external\" data-brz-custom-id=\"gZ9AtxelVeJH\"><span data-brz-translate-text=\"1\" class=\"brz-span brz-text__editor\">Contact Us Now<\/span><\/a><\/div>\n<\/div>\n<\/div>\n<\/div>\n<\/div>\n<\/div>\n<\/div>\n<\/div>\n<\/div>\n<\/div>\n<\/div>\n<div class=\"brz-text-btn\">\n<div class=\"brz-rich-text brz-rich-text__custom brz-css-deuDb\" data-brz-custom-id=\"xIxmDhBM9_p7\">\n<div data-brz-translate-text=\"1\">\n<p class=\"brz-lh-lg-1_4 brz-fs-lg-14 brz-ff-montserrat brz-ls-lg-0 brz-fw-lg-500 brz-css-rpwaM\" data-generated-css=\"brz-css-w_384\" data-uniq-id=\"uA73W\"><a class=\"link--popup\" href=\"#k5A6TcBNZwA5\" data-brz-link-type=\"popup\">Explore our Workspace<\/a><\/p>\n<p class=\"brz-fs-lg-14 brz-fw-lg-300 brz-lh-lg-1_6 brz-ls-lg-0 brz-ff-montserrat brz-css-cxwq5\" data-generated-css=\"brz-css-pGPdc\" data-uniq-id=\"b6CBi\"><span>Antalya<\/span><\/p>\n<\/div>\n<\/div>\n<div class=\"brz brz-popup2 brz-popup2__preview brz-popup2__auto brz-popup2--fixed brz-simple-popup brz-css-f_mpZ brz-css-oMGAf\" id=\"oBs4C3L8w_HX\" data-brz-popup=\"k5A6TcBNZwA5\" data-brz-click_outside_to_close=\"true\" data-brz-custom-id=\"ry8PdI5dyGKR\">\n<div class=\"brz-bg\">\n<div class=\"brz-bg-color\"><\/div>\n<\/div>\n<div class=\"brz-popup2__inner brz-d-xs-flex brz-flex-xs-wrap brz-css-ve3MH brz-css-tg1Zi\">\n<div class=\"brz-container__wrap\">\n<div class=\"brz-popup2__close\" data-brz-custom-id=\"ry8PdI5dyGKR--close\"><\/div>\n<div class=\"brz-container\">\n<div data-brz-iteration-count=\"Infinity\" class=\"brz-row__container brz-css-qH9Vi brz-css-ziRA1 brz-animated brz-css-uZgDd brz-css-etjiV\" data-brz-custom-id=\"uRgGs58OSTfm\">\n<div class=\"brz-row brz-css-nK80c brz-css-qPcRc\">\n<div class=\"brz-columns brz-css-zIsVs brz-css-jje0b\" data-brz-custom-id=\"qqvZtOrV2ZfO\">\n<div class=\"brz-bg\"><\/div>\n<div class=\"brz-column__items brz-css-aNZRt\">\n<div id class=\"brz-css-bwXW0 brz-wrapper\">\n<div class=\"brz-video brz-vimeo-video brz-video-on-controls-hidden brz-css-dsNiO brz-css-uRe4f\" data-brz-custom-id=\"x_67ZHaBNchk\">\n<div class=\"brz-video-content\" data-loop=\"false\" data-muted=\"false\" data-autoplay=\"off\">\n<div class=\"video-wrapper brz-image-fix-16-9 brz-css-oahOC\">\n<div class=\"brz-video-data brz-hidden\" data-src=\"https:\/\/player.vimeo.com\/video\/916272565?autoplay=0&amp;background=0&amp;title=1&amp;byline=1&amp;badge=false&amp;autopause=false&amp;portrait=1&amp;controls=1&amp;loop=0&amp;muted=0#t=0s\" data-population data-controls=\"true\" data-branding=\"true\" data-intro=\"true\" data-start=\"0\" data-end=\"0\" data-loop=\"false\" data-autoplay=\"off\"><\/div>\n<\/div>\n<\/div>\n<\/div>\n<\/div>\n<div id class=\"brz-css-bwXW0 brz-css-kMruz brz-wrapper\">\n<div class=\"brz-rich-text brz-rich-text__custom brz-css-deuDb\" data-brz-custom-id=\"xVRJ2qn6E6Jk\">\n<div data-brz-translate-text=\"1\">\n<p class=\"brz-mb-xs-0 brz-mt-xs-0 brz-mt-lg-10 brz-tp-lg-paragraph brz-text-lg-center brz-mb-lg-5 brz-css-dPkex\" data-uniq-id=\"qLhvW\" data-generated-css=\"brz-css-le6K9\"><span class=\"brz-cp-color8\">BG TAS MINING<\/span><\/p>\n<\/div>\n<\/div>\n<\/div>\n<div class=\"brz-wrapper-clone brz-css-mEesH\">\n<div class=\"brz-d-xs-flex brz-flex-xs-wrap brz-css-gxuVi\" data-brz-custom-id>\n<div class=\"brz-wrapper-clone__item\" id=\"tNQvkvhKEEWe\"><a class=\"brz-a brz-btn brz-css-wAKN6 brz-css-xhelF\" href target=\"_self\" rel=\"noopener\" data-brz-link-type=\"external\" data-brz-custom-id=\"tNQvkvhKEEWe\"><span data-brz-translate-text=\"1\" class=\"brz-span brz-text__editor\">Contact Us Now<\/span><\/a><\/div>\n<\/div>\n<\/div>\n<\/div>\n<\/div>\n<\/div>\n<\/div>\n<\/div>\n<\/div>\n<\/div>\n<\/div>\n<\/div>\n<\/div>\n<\/div>\n<\/div>\n<\/div>\n<\/div>\n<\/div>\n<\/div>\n<\/div>\n<div class=\"brz-columns brz-css-zIsVs brz-css-rlVGP\" data-brz-custom-id=\"dEfQEkO8m5c9\">\n<div class=\"brz-bg\"><\/div>\n<div class=\"brz-column__items brz-css-aNZRt brz-css-wdY84\">\n<div id class=\"brz-css-bwXW0 brz-css-jFMp6 brz-css-pMqX3 brz-wrapper\">\n<div class=\"brz-spacer brz-css-oJ830\"><\/div>\n<\/div>\n<\/div>\n<\/div>\n<\/div>\n<\/div>\n<\/div>\n<\/div>\n<\/section>\n<section id=\"iGVsyU1ZiPaz\" class=\"brz-section brz-css-qk_Q0\">\n<div class=\"brz-section__content brz-section--boxed brz-css-yYWMr brz-css-aku15\" data-brz-custom-id=\"dAEEPxqc5H_b\">\n<div class=\"brz-bg\">\n<div class=\"brz-bg-color\"><\/div>\n<\/div>\n<div class=\"brz-container brz-css-sGdTe brz-css-vDRv_\">\n<div id class=\"brz-css-bwXW0 brz-wrapper\">\n<div class=\"brz-rich-text brz-rich-text__custom brz-css-deuDb\" data-brz-custom-id=\"gTX4AaklEg76\">\n<div data-brz-translate-text=\"1\">\n<h2 class=\"brz-text-lg-center brz-tp-lg-heading2 brz-css-celVc\" data-uniq-id=\"zXMK3\" data-generated-css=\"brz-css-rXIp8\"><span class=\"brz-cp-color2\">Visit Us<\/span><\/h2>\n<\/div>\n<\/div>\n<\/div>\n<div id class=\"brz-css-bwXW0 brz-css-hVqg6 brz-wrapper\">\n<div class=\"brz-rich-text brz-rich-text__custom brz-css-deuDb\" data-brz-custom-id=\"gfC2BOs0OFdS\">\n<div data-brz-translate-text=\"1\">\n<p class=\"brz-text-lg-center brz-tp-lg-subtitle brz-css-hAJ7_\" data-generated-css=\"brz-css-x6kmI\" data-uniq-id=\"ttjZq\"><em class=\"brz-cp-color7\" style=\"background-color: transparent\">Visit BG-TA\u015e and experience the quality of marble by feeling it.<\/em><\/p>\n<\/div>\n<\/div>\n<\/div>\n<div id class=\"brz-css-bwXW0 brz-css-jFMp6 brz-wrapper\">\n<div class=\"brz-spacer brz-css-oJ830 brz-css-sVcES\"><\/div>\n<\/div>\n<div id class=\"brz-css-bwXW0 brz-wrapper\">\n<div class=\"brz-rich-text brz-rich-text__custom brz-css-deuDb\" data-brz-custom-id=\"r6EeVlELzYRj\">\n<div data-brz-translate-text=\"1\">\n<p class=\"brz-text-xs-center brz-tp-lg-abovetitle brz-text-lg-left brz-css-c69Zl\" data-generated-css=\"brz-css-sWaln\" data-uniq-id=\"v_90Q\"><span class=\"brz-cp-color1\">Address:<\/span><\/p>\n<h6 class=\"brz-text-xs-center brz-tp-lg-heading6 brz-text-lg-left brz-css-wy4Ih\" data-generated-css=\"brz-css-qtEKW\" data-uniq-id=\"laG9o\">Fener Mah., B. Ecevit Blv., Grand Duke \u0130\u015f Mrkz.<\/h6>\n<h6 class=\"brz-text-xs-center brz-tp-lg-heading6 brz-text-lg-left brz-css-e1Hep\" data-generated-css=\"brz-css-qtEKW\" data-uniq-id=\"laG9o\">A Apt., No:75 Z\/01, K:1, Ofis:1,<\/h6>\n<h6 class=\"brz-text-xs-center brz-tp-lg-heading6 brz-text-lg-left brz-css-ioEke\" data-generated-css=\"brz-css-qtEKW\" data-uniq-id=\"laG9o\">Muratpa\u015fa, Antalya, TR<\/h6>\n<\/div>\n<\/div>\n<\/div>\n<div id class=\"brz-css-bwXW0 brz-css-pkkXh brz-wrapper\">\n<div class=\"brz-map brz-map_styles brz-css-lsyYq\" data-brz-custom-id=\"ygsupNbyzbHp\">\n<div class=\"brz-ui-ed-map-content\"><\/div>\n<\/div>\n<\/div>\n<div class=\"brz-row__container brz-css-qH9Vi\" data-brz-custom-id=\"k9HC0ojw4fMi\">\n<div class=\"brz-bg\"><\/div>\n<div class=\"brz-row brz-css-nK80c brz-css-wtxSN\">\n<div class=\"brz-columns brz-css-zIsVs brz-css-seO1P\" data-brz-custom-id=\"aMbw7TMPT9JK\">\n<div class=\"brz-bg\"><\/div>\n<div class=\"brz-column__items brz-css-aNZRt brz-css-flLD6\">\n<div id class=\"brz-css-bwXW0 brz-wrapper\">\n<div class=\"brz-rich-text brz-rich-text__custom brz-css-deuDb\" data-brz-custom-id=\"qxOjWFUcQML5\">\n<div data-brz-translate-text=\"1\">\n<p class=\"brz-tp-lg-abovetitle brz-text-lg-left brz-css-x09NL\" data-uniq-id=\"a69Xt\" data-generated-css=\"brz-css-hUQNq\"><span class=\"brz-cp-color1\">E-MAIL<\/span><\/p>\n<h6 class=\"brz-tp-lg-heading6 brz-text-lg-left brz-css-tWr1i\" data-uniq-id=\"ru9iy\" data-generated-css=\"brz-css-yEwuF\"><span class=\"brz-cp-color2\">export@bgtas.com<\/span><\/h6>\n<\/div>\n<\/div>\n<\/div>\n<\/div>\n<\/div>\n<div class=\"brz-columns brz-css-zIsVs brz-css-j9C0Q\" data-brz-custom-id=\"ojBaGxsJhrdj\">\n<div class=\"brz-bg\"><\/div>\n<div class=\"brz-column__items brz-css-aNZRt brz-css-c2c52\">\n<div id class=\"brz-css-bwXW0 brz-wrapper\">\n<div class=\"brz-rich-text brz-rich-text__custom brz-css-deuDb\" data-brz-custom-id=\"bpLpQNLzn8gr\">\n<div data-brz-translate-text=\"1\">\n<p class=\"brz-text-xs-justify brz-text-lg-center brz-tp-lg-abovetitle brz-css-ukfIi\" data-generated-css=\"brz-css-xjJR3\" data-uniq-id=\"lAg63\"><span class=\"brz-cp-color1\">PHONE<\/span><\/p>\n<h6 class=\"brz-text-xs-center brz-text-lg-center brz-tp-lg-heading6 brz-css-w5rLl\" data-generated-css=\"brz-css-zhlgl\" data-uniq-id=\"gjHyT\"><span class=\"brz-cp-color2\">+90 242 323 21 62<\/span><\/h6>\n<\/div>\n<\/div>\n<\/div>\n<\/div>\n<\/div>\n<div class=\"brz-columns brz-css-zIsVs brz-css-wx4NO\" data-brz-custom-id=\"x7Gev5SvWevX\">\n<div class=\"brz-bg\"><\/div>\n<div class=\"brz-column__items brz-css-aNZRt brz-css-xIjKb\">\n<div id class=\"brz-css-bwXW0 brz-wrapper\">\n<div class=\"brz-rich-text brz-rich-text__custom brz-css-deuDb\" data-brz-custom-id=\"nQd2BY2lMkQF\">\n<div data-brz-translate-text=\"1\">\n<p class=\"brz-text-xs-justify brz-text-lg-center brz-tp-lg-abovetitle brz-css-cpM26\" data-generated-css=\"brz-css-eag7a\" data-uniq-id=\"aWwvK\"><span class=\"brz-cp-color1\">FAX<\/span><\/p>\n<h6 class=\"brz-text-xs-center brz-text-lg-center brz-tp-lg-heading6 brz-css-lVuQY\" data-generated-css=\"brz-css-pAGah\" data-uniq-id=\"wQwVk\"><span class=\"brz-cp-color2\">+90 242 323 21 72<\/span><\/h6>\n<\/div>\n<\/div>\n<\/div>\n<\/div>\n<\/div>\n<\/div>\n<\/div>\n<\/div>\n<\/div>\n<\/section>\n<section id=\"rythROLqPdNN\" class=\"brz-section brz-css-qk_Q0\">\n<div class=\"brz-section__content brz-section--boxed brz-css-yYWMr brz-css-jzFLS\" data-brz-custom-id=\"nuboezOI3hl1\">\n<div class=\"brz-bg\">\n<div class=\"brz-bg-color\"><\/div>\n<\/div>\n<div class=\"brz-container brz-css-sGdTe\">\n<div class=\"brz-row__container brz-css-qH9Vi\" data-brz-custom-id=\"m3prHi0CarEY\">\n<div class=\"brz-bg\"><\/div>\n<div class=\"brz-row brz-css-nK80c brz-css-wtxSN\">\n<div class=\"brz-columns brz-css-zIsVs brz-css-a6mrh\" data-brz-custom-id=\"sDmBFrEqKaXT\">\n<div class=\"brz-bg\"><\/div>\n<div class=\"brz-column__items brz-css-aNZRt\">\n<div id class=\"brz-css-bwXW0 brz-wrapper\">\n<div class=\"brz-icon-text brz-css-gJfro\" data-brz-custom-id=\"zjgXQZfSbHTF\">\n<div class=\"brz-icon__container\" data-brz-custom-id=\"ojagnhyki6tC\"><span class=\"brz-icon brz-span brz-css-hb9Op brz-css-mn1vg\"><\/span><\/div>\n<div class=\"brz-text-btn\">\n<div class=\"brz-rich-text brz-rich-text__custom brz-css-deuDb\" data-brz-custom-id=\"e0JdNLT0w9yh\">\n<div data-brz-translate-text=\"1\">\n<h4 class=\"brz-tp-lg-heading4 brz-text-xs-justify brz-css-lztSm\" data-generated-css=\"brz-css-nXKvD\" data-uniq-id=\"izO0t\">Do you have questions?<\/h4>\n<p class=\"brz-fsft-lg-0 brz-fwdth-lg-100 brz-vfw-lg-400 brz-lh-lg-1_8 brz-ls-lg-0 brz-fw-lg-700 brz-fss-lg-px brz-fs-lg-17 brz-ft-google brz-ff-montserrat brz-tp-lg-empty brz-css-bnxUY\" data-generated-css=\"brz-css-cagmI\" data-uniq-id=\"dhImv\"><em class=\"brz-cp-color1\">+90 242 323 21 62<\/em><\/p>\n<\/div>\n<\/div>\n<\/div>\n<\/div>\n<\/div>\n<\/div>\n<\/div>\n<div class=\"brz-columns brz-css-zIsVs brz-css-x13D1\" data-brz-custom-id=\"nxusDp5qUUzO\">\n<div class=\"brz-bg\"><\/div>\n<div class=\"brz-column__items brz-css-aNZRt\">\n<div id class=\"brz-css-bwXW0 brz-wrapper\">\n<div class=\"brz-icon-text brz-css-gJfro\" data-brz-custom-id=\"n0KwnIavzGxf\">\n<div class=\"brz-icon__container\" data-brz-custom-id=\"f3YJQGnbVlkD\"><span class=\"brz-icon brz-span brz-css-hb9Op brz-css-vgcnc\"><\/span><\/div>\n<div class=\"brz-text-btn\">\n<div class=\"brz-rich-text brz-rich-text__custom brz-css-deuDb\" data-brz-custom-id=\"gtb31386jA2w\">\n<div data-brz-translate-text=\"1\">\n<h4 class=\"brz-tp-lg-heading4 brz-css-cAgQ8\" data-uniq-id=\"lKczB\" data-generated-css=\"brz-css-f01kL\"><span class=\"brz-cp-color2\">Working Hours<\/span><\/h4>\n<p class=\"brz-tp-lg-empty brz-ff-montserrat brz-ft-google brz-fs-lg-17 brz-fss-lg-px brz-fw-lg-700 brz-ls-lg-0 brz-lh-lg-1_8 brz-vfw-lg-400 brz-fwdth-lg-100 brz-fsft-lg-0 brz-css-vqCt3\" data-uniq-id=\"c7xp8\" data-generated-css=\"brz-css-lADwG\"><span class=\"brz-cp-color1\">08:00 &#8211; 17:00<\/span><\/p>\n<\/div>\n<\/div>\n<\/div>\n<\/div>\n<\/div>\n<\/div>\n<\/div>\n<div class=\"brz-columns brz-css-zIsVs brz-css-pmQzz\" data-brz-custom-id=\"wA7hW2TaSo3X\">\n<div class=\"brz-bg\"><\/div>\n<div class=\"brz-column__items brz-css-aNZRt\">\n<div id class=\"brz-css-bwXW0 brz-wrapper\">\n<div class=\"brz-icon-text brz-css-gJfro\" data-brz-custom-id=\"yIJGitAwzdw4\">\n<div class=\"brz-icon__container\" data-brz-custom-id=\"jas7MhYTSR2M\"><span class=\"brz-icon brz-span brz-css-hb9Op brz-css-cpqGM\"><\/span><\/div>\n<div class=\"brz-text-btn\">\n<div class=\"brz-rich-text brz-rich-text__custom brz-css-deuDb\" data-brz-custom-id=\"bpnHh2dQEvbu\">\n<div data-brz-translate-text=\"1\">\n<h4 class=\"brz-tp-lg-heading4 brz-css-em0H2\" data-generated-css=\"brz-css-iM2AN\" data-uniq-id=\"cfl6P\"><span class=\"brz-cp-color2\">Send us an email<\/span><\/h4>\n<p class=\"brz-fsft-lg-0 brz-fwdth-lg-100 brz-vfw-lg-400 brz-lh-lg-1_8 brz-ls-lg-0 brz-fw-lg-700 brz-fss-lg-px brz-fs-lg-17 brz-ft-google brz-ff-montserrat brz-tp-lg-empty brz-css-aNJ5P\" data-generated-css=\"brz-css-mw7B3\" data-uniq-id=\"xkNNl\"><em class=\"brz-cp-color1\">export<\/em><em class=\"brz-cp-color1 brz-pre-population-visible\">@bgtas.com<\/em><\/p>\n<\/div>\n<\/div>\n<\/div>\n<\/div>\n<\/div>\n<\/div>\n<\/div>\n<\/div>\n<\/div>\n<\/div>\n<\/div>\n<\/section>\n<section id=\"raH35XShG3FY\" class=\"brz-section brz-css-qk_Q0\">\n<div class=\"brz-section__content brz-section--boxed brz-css-yYWMr brz-css-k6lAj\" data-brz-custom-id=\"ybYZx6rCEDAm\">\n<div class=\"brz-bg\">\n<div class=\"brz-bg-color\"><\/div>\n<\/div>\n<div class=\"brz-container brz-css-sGdTe brz-css-yRIqi\">\n<div class=\"brz-row__container brz-css-qH9Vi\" data-brz-custom-id=\"xvnwXSCcX3Et\">\n<div class=\"brz-bg\"><\/div>\n<div class=\"brz-row brz-css-nK80c brz-css-wtxSN\">\n<div class=\"brz-columns brz-css-zIsVs\" data-brz-custom-id=\"i_WQyHYqtaBD\">\n<div class=\"brz-bg\"><\/div>\n<div class=\"brz-column__items brz-css-aNZRt\">\n<div id class=\"brz-css-bwXW0 brz-css-jluxG brz-wrapper\">\n<div class=\"brz-image brz-css-rIFxM\" data-brz-custom-id=\"tE7LZ4Tggpab\"><img decoding=\"async\" class=\"brz-img\" src=\"https:\/\/bgtas.com\/wp-content\/uploads\/2024\/02\/VLN-5662.jpg\" alt=\"\" loading=\"lazy\"><\/div>\n<\/div>\n<\/div>\n<\/div>\n<div class=\"brz-columns brz-css-zIsVs brz-css-uvqVz\" data-brz-custom-id=\"r2ojTYJhBzlW\">\n<div class=\"brz-bg\"><\/div>\n<div class=\"brz-column__items brz-css-aNZRt brz-css-t2M1V\">\n<div id class=\"brz-css-bwXW0 brz-css-u1gtw brz-wrapper\">\n<div class=\"brz-rich-text brz-rich-text__custom brz-css-deuDb\" data-brz-custom-id=\"cqT_kOJ80mqW\">\n<div data-brz-translate-text=\"1\">\n<p class=\"brz-text-xs-center brz-tp-lg-abovetitle brz-css-s8rgr\" data-generated-css=\"brz-css-wKeol\" data-uniq-id=\"hl82u\"><span class=\"brz-cp-color1\">BGTAS<\/span><\/p>\n<\/div>\n<\/div>\n<\/div>\n<div id class=\"brz-css-bwXW0 brz-css-aLTBJ brz-wrapper\">\n<div class=\"brz-rich-text brz-rich-text__custom brz-css-deuDb\" data-brz-custom-id=\"jOv3M9ErcwP4\">\n<div data-brz-translate-text=\"1\">\n<h3 class=\"brz-tp-lg-heading2 brz-text-xs-center brz-css-fou3a\" data-uniq-id=\"gBDy6\" data-generated-css=\"brz-css-sYhTO\"><span class=\"brz-cp-color2\">Send us a message<\/span><\/h3>\n<\/div>\n<\/div>\n<\/div>\n<div id class=\"brz-css-bwXW0 brz-css-jFMp6 brz-css-wAObA brz-wrapper\">\n<div class=\"brz-spacer brz-css-oJ830 brz-css-rtUSB\"><\/div>\n<\/div>\n<div id class=\"brz-css-bwXW0 brz-wrapper\">\n<div data-brz-form-version=\"2\" class=\"brz-forms2 brz-css-zRPnv\" data-brz-custom-id=\"npJxHA3ncg1d\">\n<div data-brz-translate-text=\"1\" class=\"brz-forms2__item brz-css-ksUr3 brz-css-wHogq brz-css-ibrfK\"><\/div>\n<div data-brz-translate-text=\"1\" class=\"brz-forms2__item brz-css-ksUr3 brz-css-wHogq brz-css-ibrfK\"><\/div>\n<div data-brz-translate-text=\"1\" class=\"brz-forms2__item brz-css-ksUr3 brz-css-wHogq brz-css-ibrfK brz-css-sHG38\"><textarea id=\"s7gUQNU56QdR\" name=\"xrp5HzYXQpQ7\" data-brz-type=\"Paragraph\" data-brz-label=\"Your Message\" data-brz-placeholder=\"Your Message\" class=\"brz-textarea brz-forms2__field brz-forms2__field-paragraph\"><\/textarea><\/div>\n<div class=\"brz-forms2 brz-forms2__item brz-forms2__item-button\" data-brz-custom-id=\"npJxHA3ncg1d\"><button class=\"brz-btn brz-btn-submit brz-css-wAKN6 brz-css-gy5Tc\" data-brz-custom-id=\"oRQUVjH4cjFc\"><span data-brz-translate-text=\"1\" class=\"brz-span brz-text__editor\">SEND<\/span><\/button>!function(){function t(t){this.element=t,this.animationId,this.start=null,this.init()}if(!window.requestAnimationFrame){var i=null;window.requestAnimationFrame=function(t,n){var e=(new Date).getTime();i||(i=e);var a=Math.max(0,16-(e-i)),o=window.setTimeout(function(){t(e+a)},a);return i=e+a,o}}t.prototype.init=function(){var t=this;this.animationId=window.requestAnimationFrame(t.triggerAnimation.bind(t))},t.prototype.reset=function(){var t=this;window.cancelAnimationFrame(t.animationId)},t.prototype.triggerAnimation=function(t){var i=this;this.start||(this.start=t);var n=t-this.start;504&gt;n||(this.start=this.start+504),this.element.setAttribute(&quot;transform&quot;,&quot;rotate(&quot;+Math.min(n\/1.4,360)+&quot; 12 12)&quot;);if(document.documentElement.contains(this.element))window.requestAnimationFrame(i.triggerAnimation.bind(i))};var n=document.getElementsByClassName(&quot;nc-loop_circle-02-24&quot;),e=[];if(n)for(var a=0;n.length&gt;a;a++)!function(i){e.push(new t(n[i]))}(a);document.addEventListener(&quot;visibilitychange&quot;,function(){&quot;hidden&quot;==document.visibilityState?e.forEach(function(t){t.reset()}):e.forEach(function(t){t.init()})})}();<\/div>\n<\/div>\n<\/div>\n<\/div>\n<\/div>\n<\/div>\n<\/div>\n<\/div>\n<\/div>\n<\/section>\n<\/div>\n<p>    <!-- version:1715469708 --><\/p>\n","protected":false},"excerpt":{"rendered":"<p>Contact BG TAS MINING Contact Us Now Explore our Workspace Antalya BG TAS MINING Contact Us Now Visit Us Visit BG-TA\u015e and experience the quality of marble by feeling it. Address: Fener Mah., B. Ecevit Blv., Grand Duke \u0130\u015f Mrkz. A Apt., No:75 Z\/01, K:1, Ofis:1, Muratpa\u015fa, Antalya, TR E-MAIL export@bgtas.com PHONE +90 242 323 [&hellip;]<\/p>\n","protected":false},"author":1,"featured_media":0,"parent":0,"menu_order":0,"comment_status":"closed","ping_status":"closed","template":"","meta":{"footnotes":""},"class_list":["post-851","page","type-page","status-publish","hentry"],"blocksy_meta":[],"_links":{"self":[{"href":"https:\/\/bgtas.com\/en\/wp-json\/wp\/v2\/pages\/851","targetHints":{"allow":["GET"]}}],"collection":[{"href":"https:\/\/bgtas.com\/en\/wp-json\/wp\/v2\/pages"}],"about":[{"href":"https:\/\/bgtas.com\/en\/wp-json\/wp\/v2\/types\/page"}],"author":[{"embeddable":true,"href":"https:\/\/bgtas.com\/en\/wp-json\/wp\/v2\/users\/1"}],"replies":[{"embeddable":true,"href":"https:\/\/bgtas.com\/en\/wp-json\/wp\/v2\/comments?post=851"}],"version-history":[{"count":7,"href":"https:\/\/bgtas.com\/en\/wp-json\/wp\/v2\/pages\/851\/revisions"}],"predecessor-version":[{"id":1101,"href":"https:\/\/bgtas.com\/en\/wp-json\/wp\/v2\/pages\/851\/revisions\/1101"}],"wp:attachment":[{"href":"https:\/\/bgtas.com\/en\/wp-json\/wp\/v2\/media?parent=851"}],"curies":[{"name":"wp","href":"https:\/\/api.w.org\/{rel}","templated":true}]}}